{"id":17,"date":"2021-02-07T17:15:57","date_gmt":"2021-02-07T16:15:57","guid":{"rendered":"https:\/\/marketing.stratoflights.com\/?page_id=17"},"modified":"2025-11-21T22:32:20","modified_gmt":"2025-11-21T21:32:20","slug":"live-events-streaming","status":"publish","type":"page","link":"https:\/\/marketing.stratoflights.com\/de\/live-events-streaming\/","title":{"rendered":"Live Events &#038; Livestreaming"},"content":{"rendered":"","protected":false},"excerpt":{"rendered":"","protected":false},"author":1,"featured_media":0,"parent":0,"menu_order":0,"comment_status":"closed","ping_status":"closed","template":"","meta":{"footnotes":""},"class_list":["post-17","page","type-page","status-publish","hentry"],"yoast_head":"<!-- This site is optimized with the Yoast SEO plugin v27.4 - https:\/\/yoast.com\/product\/yoast-seo-wordpress\/ -->\n<title>Live Streaming und Events vom Rand des Weltraums | Stratoflights<\/title>\n<meta name=\"description\" content=\"Ein Stratosph\u00e4renflug als au\u00dfergew\u00f6hnliche Event Idee. Mithilfe eines Wetterballons inszenieren wir Ihr Produkt in der Stratosph\u00e4re.\" \/>\n<meta name=\"robots\" content=\"index, follow, max-snippet:-1, max-image-preview:large, max-video-preview:-1\" \/>\n<link rel=\"canonical\" href=\"https:\/\/marketing.stratoflights.com\/de\/live-events-streaming\/\" \/>\n<meta property=\"og:locale\" content=\"de_DE\" \/>\n<meta property=\"og:type\" content=\"article\" \/>\n<meta property=\"og:title\" content=\"Live Streaming und Events vom Rand des Weltraums | Stratoflights\" \/>\n<meta property=\"og:description\" content=\"Ein Stratosph\u00e4renflug als au\u00dfergew\u00f6hnliche Event Idee. Mithilfe eines Wetterballons inszenieren wir Ihr Produkt in der Stratosph\u00e4re.\" \/>\n<meta property=\"og:url\" content=\"https:\/\/marketing.stratoflights.com\/de\/live-events-streaming\/\" \/>\n<meta property=\"og:site_name\" content=\"Stratoflights\" \/>\n<meta property=\"article:modified_time\" content=\"2025-11-21T21:32:20+00:00\" \/>\n<meta name=\"twitter:card\" content=\"summary_large_image\" \/>\n<script type=\"application\/ld+json\" class=\"yoast-schema-graph\">{\"@context\":\"https:\\\/\\\/schema.org\",\"@graph\":[{\"@type\":\"WebPage\",\"@id\":\"https:\\\/\\\/marketing.stratoflights.com\\\/de\\\/live-events-streaming\\\/\",\"url\":\"https:\\\/\\\/marketing.stratoflights.com\\\/de\\\/live-events-streaming\\\/\",\"name\":\"Live Streaming und Events vom Rand des Weltraums | Stratoflights\",\"isPartOf\":{\"@id\":\"https:\\\/\\\/marketing.stratoflights.com\\\/de\\\/#website\"},\"datePublished\":\"2021-02-07T16:15:57+00:00\",\"dateModified\":\"2025-11-21T21:32:20+00:00\",\"description\":\"Ein Stratosph\u00e4renflug als au\u00dfergew\u00f6hnliche Event Idee. Mithilfe eines Wetterballons inszenieren wir Ihr Produkt in der Stratosph\u00e4re.\",\"breadcrumb\":{\"@id\":\"https:\\\/\\\/marketing.stratoflights.com\\\/de\\\/live-events-streaming\\\/#breadcrumb\"},\"inLanguage\":\"de\",\"potentialAction\":[{\"@type\":\"ReadAction\",\"target\":[\"https:\\\/\\\/marketing.stratoflights.com\\\/de\\\/live-events-streaming\\\/\"]}]},{\"@type\":\"BreadcrumbList\",\"@id\":\"https:\\\/\\\/marketing.stratoflights.com\\\/de\\\/live-events-streaming\\\/#breadcrumb\",\"itemListElement\":[{\"@type\":\"ListItem\",\"position\":1,\"name\":\"Startseite\",\"item\":\"https:\\\/\\\/marketing.stratoflights.com\\\/de\\\/\"},{\"@type\":\"ListItem\",\"position\":2,\"name\":\"Live Events &#038; Livestreaming\"}]},{\"@type\":\"WebSite\",\"@id\":\"https:\\\/\\\/marketing.stratoflights.com\\\/de\\\/#website\",\"url\":\"https:\\\/\\\/marketing.stratoflights.com\\\/de\\\/\",\"name\":\"Stratoflights\",\"description\":\"Eine weitere WordPress-Website\",\"potentialAction\":[{\"@type\":\"SearchAction\",\"target\":{\"@type\":\"EntryPoint\",\"urlTemplate\":\"https:\\\/\\\/marketing.stratoflights.com\\\/de\\\/?s={search_term_string}\"},\"query-input\":{\"@type\":\"PropertyValueSpecification\",\"valueRequired\":true,\"valueName\":\"search_term_string\"}}],\"inLanguage\":\"de\"}]}<\/script>\n<!-- \/ Yoast SEO plugin. -->","yoast_head_json":{"title":"Live Streaming und Events vom Rand des Weltraums | Stratoflights","description":"Ein Stratosph\u00e4renflug als au\u00dfergew\u00f6hnliche Event Idee. Mithilfe eines Wetterballons inszenieren wir Ihr Produkt in der Stratosph\u00e4re.","robots":{"index":"index","follow":"follow","max-snippet":"max-snippet:-1","max-image-preview":"max-image-preview:large","max-video-preview":"max-video-preview:-1"},"canonical":"https:\/\/marketing.stratoflights.com\/de\/live-events-streaming\/","og_locale":"de_DE","og_type":"article","og_title":"Live Streaming und Events vom Rand des Weltraums | Stratoflights","og_description":"Ein Stratosph\u00e4renflug als au\u00dfergew\u00f6hnliche Event Idee. Mithilfe eines Wetterballons inszenieren wir Ihr Produkt in der Stratosph\u00e4re.","og_url":"https:\/\/marketing.stratoflights.com\/de\/live-events-streaming\/","og_site_name":"Stratoflights","article_modified_time":"2025-11-21T21:32:20+00:00","twitter_card":"summary_large_image","schema":{"@context":"https:\/\/schema.org","@graph":[{"@type":"WebPage","@id":"https:\/\/marketing.stratoflights.com\/de\/live-events-streaming\/","url":"https:\/\/marketing.stratoflights.com\/de\/live-events-streaming\/","name":"Live Streaming und Events vom Rand des Weltraums | Stratoflights","isPartOf":{"@id":"https:\/\/marketing.stratoflights.com\/de\/#website"},"datePublished":"2021-02-07T16:15:57+00:00","dateModified":"2025-11-21T21:32:20+00:00","description":"Ein Stratosph\u00e4renflug als au\u00dfergew\u00f6hnliche Event Idee. Mithilfe eines Wetterballons inszenieren wir Ihr Produkt in der Stratosph\u00e4re.","breadcrumb":{"@id":"https:\/\/marketing.stratoflights.com\/de\/live-events-streaming\/#breadcrumb"},"inLanguage":"de","potentialAction":[{"@type":"ReadAction","target":["https:\/\/marketing.stratoflights.com\/de\/live-events-streaming\/"]}]},{"@type":"BreadcrumbList","@id":"https:\/\/marketing.stratoflights.com\/de\/live-events-streaming\/#breadcrumb","itemListElement":[{"@type":"ListItem","position":1,"name":"Startseite","item":"https:\/\/marketing.stratoflights.com\/de\/"},{"@type":"ListItem","position":2,"name":"Live Events &#038; Livestreaming"}]},{"@type":"WebSite","@id":"https:\/\/marketing.stratoflights.com\/de\/#website","url":"https:\/\/marketing.stratoflights.com\/de\/","name":"Stratoflights","description":"Eine weitere WordPress-Website","potentialAction":[{"@type":"SearchAction","target":{"@type":"EntryPoint","urlTemplate":"https:\/\/marketing.stratoflights.com\/de\/?s={search_term_string}"},"query-input":{"@type":"PropertyValueSpecification","valueRequired":true,"valueName":"search_term_string"}}],"inLanguage":"de"}]}},"_links":{"self":[{"href":"https:\/\/marketing.stratoflights.com\/de\/wp-json\/wp\/v2\/pages\/17","targetHints":{"allow":["GET"]}}],"collection":[{"href":"https:\/\/marketing.stratoflights.com\/de\/wp-json\/wp\/v2\/pages"}],"about":[{"href":"https:\/\/marketing.stratoflights.com\/de\/wp-json\/wp\/v2\/types\/page"}],"author":[{"embeddable":true,"href":"https:\/\/marketing.stratoflights.com\/de\/wp-json\/wp\/v2\/users\/1"}],"replies":[{"embeddable":true,"href":"https:\/\/marketing.stratoflights.com\/de\/wp-json\/wp\/v2\/comments?post=17"}],"version-history":[{"count":2,"href":"https:\/\/marketing.stratoflights.com\/de\/wp-json\/wp\/v2\/pages\/17\/revisions"}],"predecessor-version":[{"id":109,"href":"https:\/\/marketing.stratoflights.com\/de\/wp-json\/wp\/v2\/pages\/17\/revisions\/109"}],"wp:attachment":[{"href":"https:\/\/marketing.stratoflights.com\/de\/wp-json\/wp\/v2\/media?parent=17"}],"curies":[{"name":"wp","href":"https:\/\/api.w.org\/{rel}","templated":true}]}}