{"id":28,"date":"2021-02-07T18:08:18","date_gmt":"2021-02-07T17:08:18","guid":{"rendered":"https:\/\/marketing.stratoflights.com\/?page_id=28"},"modified":"2021-03-18T20:35:02","modified_gmt":"2021-03-18T19:35:02","slug":"impressum","status":"publish","type":"page","link":"https:\/\/marketing.stratoflights.com\/de\/impressum\/","title":{"rendered":"Impressum"},"content":{"rendered":"<p>Gesetzliche Anbieterkennung:<\/p>\n<p><strong>Stratoflights GmbH &#038; Co. KG<\/strong><br \/>\nSaulsiek 17<br \/>\n32825 Blomberg<br \/>\nDeutschland<br \/>\nTelefon: +49(0)\u202d1717542510\u202c<br \/>\nE-Mail: info@stratoflights.com<\/p>\n<p>USt-IdNr.: DE293873380<br \/>\neingetragen im Handelsregister des Amtsgerichtes Lemgo<br \/>\nHandelsregisternummer HRA 6079<\/p>\n<p>vertreten durch die pers\u00f6nlich haftende Gesellschafterin<br \/>\nStratoflights Gesch\u00e4ftsf\u00fchrungs GmbH<br \/>\ndiese vertr. d. d. Gesch\u00e4ftsf\u00fchrer Marcel Dierig, Tobias Lohf , Marvin Rissiek<br \/>\nSaulsiek 17, 32825 Blomberg, Deutschland<br \/>\neingetragen im Handelsregister des Amtsgerichtes Lemgo<br \/>\nHandelsregisternummer HRB 10188<\/p>\n<p><strong>Alternative Streitbeilegung:<\/strong><br \/>\nDie Europ\u00e4ische Kommission stellt eine Plattform f\u00fcr die au\u00dfergerichtliche Online-Streitbeilegung (OS-Plattform) bereit, aufrufbar unter <a href=\"https:\/\/ec.europa.eu\/odr\" target=_blank\">https:\/\/ec.europa.eu\/odr<\/a> (<a href=\"https:\/\/ec.europa.eu\/consumers\/odr\" target=_blank\">https:\/\/ec.europa.eu\/consumers\/odr<\/a>).<\/p>\n<p><strong>Urheberrecht<\/strong><br \/>\nDie durch die Seitenbetreiber erstellten Inhalte und Werke auf diesen Seiten unterliegen dem deutschen Urheberrecht. Die Vervielf\u00e4ltigung, Bearbeitung, Verbreitung und jede Art der Verwertung au\u00dferhalb der Grenzen des Urheberrechtes bed\u00fcrfen der schriftlichen Zustimmung des jeweiligen Autors bzw. Erstellers. Downloads und Kopien dieser Seite sind nur f\u00fcr den privaten, nicht kommerziellen Gebrauch gestattet. Soweit die Inhalte auf dieser Seite nicht vom Betreiber erstellt wurden, werden die Urheberrechte Dritter beachtet. Insbesondere werden Inhalte Dritter als solche gekennzeichnet. Sollten Sie trotzdem auf eine Urheberrechtsverletzung aufmerksam werden, bitten wir um einen entsprechenden Hinweis. Bei Bekanntwerden von Rechtsverletzungen werden wir derartige Inhalte umgehend entfernen.<\/p>\n","protected":false},"excerpt":{"rendered":"<p>Gesetzliche Anbieterkennung: Stratoflights GmbH &#038; Co. KG Saulsiek 17 32825 Blomberg Deutschland Telefon: +49(0)\u202d1717542510\u202c E-Mail: info@stratoflights.com USt-IdNr.: DE293873380 eingetragen im Handelsregister des Amtsgerichtes Lemgo Handelsregisternummer HRA 6079 vertreten durch die pers\u00f6nlich haftende Gesellschafterin Stratoflights Gesch\u00e4ftsf\u00fchrungs GmbH diese vertr. d. d. Gesch\u00e4ftsf\u00fchrer Marcel Dierig, Tobias Lohf , Marvin Rissiek Saulsiek 17, 32825 Blomberg, Deutschland eingetragen im &hellip; <a href=\"https:\/\/marketing.stratoflights.com\/de\/impressum\/\" class=\"more-link\">Continue reading <span class=\"screen-reader-text\">Impressum<\/span><\/a><\/p>\n","protected":false},"author":1,"featured_media":0,"parent":0,"menu_order":0,"comment_status":"closed","ping_status":"closed","template":"","meta":{"footnotes":""},"class_list":["post-28","page","type-page","status-publish","hentry"],"yoast_head":"<!-- This site is optimized with the Yoast SEO plugin v27.4 - https:\/\/yoast.com\/product\/yoast-seo-wordpress\/ -->\n<title>Impressum - Stratoflights<\/title>\n<meta name=\"robots\" content=\"index, follow, max-snippet:-1, max-image-preview:large, max-video-preview:-1\" \/>\n<link rel=\"canonical\" href=\"https:\/\/marketing.stratoflights.com\/de\/impressum\/\" \/>\n<meta property=\"og:locale\" content=\"de_DE\" \/>\n<meta property=\"og:type\" content=\"article\" \/>\n<meta property=\"og:title\" content=\"Impressum - Stratoflights\" \/>\n<meta property=\"og:description\" content=\"Gesetzliche Anbieterkennung: Stratoflights GmbH &#038; Co. KG Saulsiek 17 32825 Blomberg Deutschland Telefon: +49(0)\u202d1717542510\u202c E-Mail: info@stratoflights.com USt-IdNr.: DE293873380 eingetragen im Handelsregister des Amtsgerichtes Lemgo Handelsregisternummer HRA 6079 vertreten durch die pers\u00f6nlich haftende Gesellschafterin Stratoflights Gesch\u00e4ftsf\u00fchrungs GmbH diese vertr. d. d. Gesch\u00e4ftsf\u00fchrer Marcel Dierig, Tobias Lohf , Marvin Rissiek Saulsiek 17, 32825 Blomberg, Deutschland eingetragen im &hellip; Continue reading Impressum\" \/>\n<meta property=\"og:url\" content=\"https:\/\/marketing.stratoflights.com\/de\/impressum\/\" \/>\n<meta property=\"og:site_name\" content=\"Stratoflights\" \/>\n<meta property=\"article:modified_time\" content=\"2021-03-18T19:35:02+00:00\" \/>\n<meta name=\"twitter:card\" content=\"summary_large_image\" \/>\n<meta name=\"twitter:label1\" content=\"Gesch\u00e4tzte Lesezeit\" \/>\n\t<meta name=\"twitter:data1\" content=\"1\u00a0Minute\" \/>\n<script type=\"application\/ld+json\" class=\"yoast-schema-graph\">{\"@context\":\"https:\\\/\\\/schema.org\",\"@graph\":[{\"@type\":\"WebPage\",\"@id\":\"https:\\\/\\\/marketing.stratoflights.com\\\/de\\\/impressum\\\/\",\"url\":\"https:\\\/\\\/marketing.stratoflights.com\\\/de\\\/impressum\\\/\",\"name\":\"Impressum - Stratoflights\",\"isPartOf\":{\"@id\":\"https:\\\/\\\/marketing.stratoflights.com\\\/de\\\/#website\"},\"datePublished\":\"2021-02-07T17:08:18+00:00\",\"dateModified\":\"2021-03-18T19:35:02+00:00\",\"breadcrumb\":{\"@id\":\"https:\\\/\\\/marketing.stratoflights.com\\\/de\\\/impressum\\\/#breadcrumb\"},\"inLanguage\":\"de\",\"potentialAction\":[{\"@type\":\"ReadAction\",\"target\":[\"https:\\\/\\\/marketing.stratoflights.com\\\/de\\\/impressum\\\/\"]}]},{\"@type\":\"BreadcrumbList\",\"@id\":\"https:\\\/\\\/marketing.stratoflights.com\\\/de\\\/impressum\\\/#breadcrumb\",\"itemListElement\":[{\"@type\":\"ListItem\",\"position\":1,\"name\":\"Startseite\",\"item\":\"https:\\\/\\\/marketing.stratoflights.com\\\/de\\\/\"},{\"@type\":\"ListItem\",\"position\":2,\"name\":\"Impressum\"}]},{\"@type\":\"WebSite\",\"@id\":\"https:\\\/\\\/marketing.stratoflights.com\\\/de\\\/#website\",\"url\":\"https:\\\/\\\/marketing.stratoflights.com\\\/de\\\/\",\"name\":\"Stratoflights\",\"description\":\"Eine weitere WordPress-Website\",\"potentialAction\":[{\"@type\":\"SearchAction\",\"target\":{\"@type\":\"EntryPoint\",\"urlTemplate\":\"https:\\\/\\\/marketing.stratoflights.com\\\/de\\\/?s={search_term_string}\"},\"query-input\":{\"@type\":\"PropertyValueSpecification\",\"valueRequired\":true,\"valueName\":\"search_term_string\"}}],\"inLanguage\":\"de\"}]}<\/script>\n<!-- \/ Yoast SEO plugin. -->","yoast_head_json":{"title":"Impressum - Stratoflights","robots":{"index":"index","follow":"follow","max-snippet":"max-snippet:-1","max-image-preview":"max-image-preview:large","max-video-preview":"max-video-preview:-1"},"canonical":"https:\/\/marketing.stratoflights.com\/de\/impressum\/","og_locale":"de_DE","og_type":"article","og_title":"Impressum - Stratoflights","og_description":"Gesetzliche Anbieterkennung: Stratoflights GmbH &#038; Co. KG Saulsiek 17 32825 Blomberg Deutschland Telefon: +49(0)\u202d1717542510\u202c E-Mail: info@stratoflights.com USt-IdNr.: DE293873380 eingetragen im Handelsregister des Amtsgerichtes Lemgo Handelsregisternummer HRA 6079 vertreten durch die pers\u00f6nlich haftende Gesellschafterin Stratoflights Gesch\u00e4ftsf\u00fchrungs GmbH diese vertr. d. d. Gesch\u00e4ftsf\u00fchrer Marcel Dierig, Tobias Lohf , Marvin Rissiek Saulsiek 17, 32825 Blomberg, Deutschland eingetragen im &hellip; Continue reading Impressum","og_url":"https:\/\/marketing.stratoflights.com\/de\/impressum\/","og_site_name":"Stratoflights","article_modified_time":"2021-03-18T19:35:02+00:00","twitter_card":"summary_large_image","twitter_misc":{"Gesch\u00e4tzte Lesezeit":"1\u00a0Minute"},"schema":{"@context":"https:\/\/schema.org","@graph":[{"@type":"WebPage","@id":"https:\/\/marketing.stratoflights.com\/de\/impressum\/","url":"https:\/\/marketing.stratoflights.com\/de\/impressum\/","name":"Impressum - Stratoflights","isPartOf":{"@id":"https:\/\/marketing.stratoflights.com\/de\/#website"},"datePublished":"2021-02-07T17:08:18+00:00","dateModified":"2021-03-18T19:35:02+00:00","breadcrumb":{"@id":"https:\/\/marketing.stratoflights.com\/de\/impressum\/#breadcrumb"},"inLanguage":"de","potentialAction":[{"@type":"ReadAction","target":["https:\/\/marketing.stratoflights.com\/de\/impressum\/"]}]},{"@type":"BreadcrumbList","@id":"https:\/\/marketing.stratoflights.com\/de\/impressum\/#breadcrumb","itemListElement":[{"@type":"ListItem","position":1,"name":"Startseite","item":"https:\/\/marketing.stratoflights.com\/de\/"},{"@type":"ListItem","position":2,"name":"Impressum"}]},{"@type":"WebSite","@id":"https:\/\/marketing.stratoflights.com\/de\/#website","url":"https:\/\/marketing.stratoflights.com\/de\/","name":"Stratoflights","description":"Eine weitere WordPress-Website","potentialAction":[{"@type":"SearchAction","target":{"@type":"EntryPoint","urlTemplate":"https:\/\/marketing.stratoflights.com\/de\/?s={search_term_string}"},"query-input":{"@type":"PropertyValueSpecification","valueRequired":true,"valueName":"search_term_string"}}],"inLanguage":"de"}]}},"_links":{"self":[{"href":"https:\/\/marketing.stratoflights.com\/de\/wp-json\/wp\/v2\/pages\/28","targetHints":{"allow":["GET"]}}],"collection":[{"href":"https:\/\/marketing.stratoflights.com\/de\/wp-json\/wp\/v2\/pages"}],"about":[{"href":"https:\/\/marketing.stratoflights.com\/de\/wp-json\/wp\/v2\/types\/page"}],"author":[{"embeddable":true,"href":"https:\/\/marketing.stratoflights.com\/de\/wp-json\/wp\/v2\/users\/1"}],"replies":[{"embeddable":true,"href":"https:\/\/marketing.stratoflights.com\/de\/wp-json\/wp\/v2\/comments?post=28"}],"version-history":[{"count":3,"href":"https:\/\/marketing.stratoflights.com\/de\/wp-json\/wp\/v2\/pages\/28\/revisions"}],"predecessor-version":[{"id":112,"href":"https:\/\/marketing.stratoflights.com\/de\/wp-json\/wp\/v2\/pages\/28\/revisions\/112"}],"wp:attachment":[{"href":"https:\/\/marketing.stratoflights.com\/de\/wp-json\/wp\/v2\/media?parent=28"}],"curies":[{"name":"wp","href":"https:\/\/api.w.org\/{rel}","templated":true}]}}