{"id":574,"date":"2025-11-06T10:13:55","date_gmt":"2025-11-06T09:13:55","guid":{"rendered":"https:\/\/neu-marketing.stratoflights.com\/?page_id=574"},"modified":"2025-12-19T09:56:24","modified_gmt":"2025-12-19T08:56:24","slug":"technology","status":"publish","type":"page","link":"https:\/\/marketing.stratoflights.com\/de\/technology\/","title":{"rendered":"Technology"},"content":{"rendered":"","protected":false},"excerpt":{"rendered":"","protected":false},"author":1,"featured_media":0,"parent":0,"menu_order":0,"comment_status":"closed","ping_status":"closed","template":"","meta":{"footnotes":""},"class_list":["post-574","page","type-page","status-publish","hentry"],"yoast_head":"<!-- This site is optimized with the Yoast SEO plugin v27.3 - https:\/\/yoast.com\/product\/yoast-seo-wordpress\/ -->\n<title>High-Tech Plattform f\u00fcr Near-Space-Aufnahmen | Stratoflights<\/title>\n<meta name=\"description\" content=\"High-End Near-Space-Technologie f\u00fcr Markenauftritte. Stratosph\u00e4renfl\u00fcge mit spektakul\u00e4ren Aufnahmen f\u00fcr au\u00dfergew\u00f6hnliche Marketingkampagnen.\" \/>\n<meta name=\"robots\" content=\"index, follow, max-snippet:-1, max-image-preview:large, max-video-preview:-1\" \/>\n<link rel=\"canonical\" href=\"https:\/\/marketing.stratoflights.com\/de\/technology\/\" \/>\n<meta property=\"og:locale\" content=\"de_DE\" \/>\n<meta property=\"og:type\" content=\"article\" \/>\n<meta property=\"og:title\" content=\"High-Tech Plattform f\u00fcr Near-Space-Aufnahmen | Stratoflights\" \/>\n<meta property=\"og:description\" content=\"High-End Near-Space-Technologie f\u00fcr Markenauftritte. Stratosph\u00e4renfl\u00fcge mit spektakul\u00e4ren Aufnahmen f\u00fcr au\u00dfergew\u00f6hnliche Marketingkampagnen.\" \/>\n<meta property=\"og:url\" content=\"https:\/\/marketing.stratoflights.com\/de\/technology\/\" \/>\n<meta property=\"og:site_name\" content=\"Stratoflights\" \/>\n<meta property=\"article:modified_time\" content=\"2025-12-19T08:56:24+00:00\" \/>\n<meta name=\"twitter:card\" content=\"summary_large_image\" \/>\n<script type=\"application\/ld+json\" class=\"yoast-schema-graph\">{\"@context\":\"https:\\\/\\\/schema.org\",\"@graph\":[{\"@type\":\"WebPage\",\"@id\":\"https:\\\/\\\/marketing.stratoflights.com\\\/de\\\/technology\\\/\",\"url\":\"https:\\\/\\\/marketing.stratoflights.com\\\/de\\\/technology\\\/\",\"name\":\"High-Tech Plattform f\u00fcr Near-Space-Aufnahmen | Stratoflights\",\"isPartOf\":{\"@id\":\"https:\\\/\\\/marketing.stratoflights.com\\\/de\\\/#website\"},\"datePublished\":\"2025-11-06T09:13:55+00:00\",\"dateModified\":\"2025-12-19T08:56:24+00:00\",\"description\":\"High-End Near-Space-Technologie f\u00fcr Markenauftritte. Stratosph\u00e4renfl\u00fcge mit spektakul\u00e4ren Aufnahmen f\u00fcr au\u00dfergew\u00f6hnliche Marketingkampagnen.\",\"breadcrumb\":{\"@id\":\"https:\\\/\\\/marketing.stratoflights.com\\\/de\\\/technology\\\/#breadcrumb\"},\"inLanguage\":\"de\",\"potentialAction\":[{\"@type\":\"ReadAction\",\"target\":[\"https:\\\/\\\/marketing.stratoflights.com\\\/de\\\/technology\\\/\"]}]},{\"@type\":\"BreadcrumbList\",\"@id\":\"https:\\\/\\\/marketing.stratoflights.com\\\/de\\\/technology\\\/#breadcrumb\",\"itemListElement\":[{\"@type\":\"ListItem\",\"position\":1,\"name\":\"Startseite\",\"item\":\"https:\\\/\\\/marketing.stratoflights.com\\\/de\\\/\"},{\"@type\":\"ListItem\",\"position\":2,\"name\":\"Technology\"}]},{\"@type\":\"WebSite\",\"@id\":\"https:\\\/\\\/marketing.stratoflights.com\\\/de\\\/#website\",\"url\":\"https:\\\/\\\/marketing.stratoflights.com\\\/de\\\/\",\"name\":\"Stratoflights\",\"description\":\"Eine weitere WordPress-Website\",\"potentialAction\":[{\"@type\":\"SearchAction\",\"target\":{\"@type\":\"EntryPoint\",\"urlTemplate\":\"https:\\\/\\\/marketing.stratoflights.com\\\/de\\\/?s={search_term_string}\"},\"query-input\":{\"@type\":\"PropertyValueSpecification\",\"valueRequired\":true,\"valueName\":\"search_term_string\"}}],\"inLanguage\":\"de\"}]}<\/script>\n<!-- \/ Yoast SEO plugin. -->","yoast_head_json":{"title":"High-Tech Plattform f\u00fcr Near-Space-Aufnahmen | Stratoflights","description":"High-End Near-Space-Technologie f\u00fcr Markenauftritte. Stratosph\u00e4renfl\u00fcge mit spektakul\u00e4ren Aufnahmen f\u00fcr au\u00dfergew\u00f6hnliche Marketingkampagnen.","robots":{"index":"index","follow":"follow","max-snippet":"max-snippet:-1","max-image-preview":"max-image-preview:large","max-video-preview":"max-video-preview:-1"},"canonical":"https:\/\/marketing.stratoflights.com\/de\/technology\/","og_locale":"de_DE","og_type":"article","og_title":"High-Tech Plattform f\u00fcr Near-Space-Aufnahmen | Stratoflights","og_description":"High-End Near-Space-Technologie f\u00fcr Markenauftritte. Stratosph\u00e4renfl\u00fcge mit spektakul\u00e4ren Aufnahmen f\u00fcr au\u00dfergew\u00f6hnliche Marketingkampagnen.","og_url":"https:\/\/marketing.stratoflights.com\/de\/technology\/","og_site_name":"Stratoflights","article_modified_time":"2025-12-19T08:56:24+00:00","twitter_card":"summary_large_image","schema":{"@context":"https:\/\/schema.org","@graph":[{"@type":"WebPage","@id":"https:\/\/marketing.stratoflights.com\/de\/technology\/","url":"https:\/\/marketing.stratoflights.com\/de\/technology\/","name":"High-Tech Plattform f\u00fcr Near-Space-Aufnahmen | Stratoflights","isPartOf":{"@id":"https:\/\/marketing.stratoflights.com\/de\/#website"},"datePublished":"2025-11-06T09:13:55+00:00","dateModified":"2025-12-19T08:56:24+00:00","description":"High-End Near-Space-Technologie f\u00fcr Markenauftritte. Stratosph\u00e4renfl\u00fcge mit spektakul\u00e4ren Aufnahmen f\u00fcr au\u00dfergew\u00f6hnliche Marketingkampagnen.","breadcrumb":{"@id":"https:\/\/marketing.stratoflights.com\/de\/technology\/#breadcrumb"},"inLanguage":"de","potentialAction":[{"@type":"ReadAction","target":["https:\/\/marketing.stratoflights.com\/de\/technology\/"]}]},{"@type":"BreadcrumbList","@id":"https:\/\/marketing.stratoflights.com\/de\/technology\/#breadcrumb","itemListElement":[{"@type":"ListItem","position":1,"name":"Startseite","item":"https:\/\/marketing.stratoflights.com\/de\/"},{"@type":"ListItem","position":2,"name":"Technology"}]},{"@type":"WebSite","@id":"https:\/\/marketing.stratoflights.com\/de\/#website","url":"https:\/\/marketing.stratoflights.com\/de\/","name":"Stratoflights","description":"Eine weitere WordPress-Website","potentialAction":[{"@type":"SearchAction","target":{"@type":"EntryPoint","urlTemplate":"https:\/\/marketing.stratoflights.com\/de\/?s={search_term_string}"},"query-input":{"@type":"PropertyValueSpecification","valueRequired":true,"valueName":"search_term_string"}}],"inLanguage":"de"}]}},"_links":{"self":[{"href":"https:\/\/marketing.stratoflights.com\/de\/wp-json\/wp\/v2\/pages\/574","targetHints":{"allow":["GET"]}}],"collection":[{"href":"https:\/\/marketing.stratoflights.com\/de\/wp-json\/wp\/v2\/pages"}],"about":[{"href":"https:\/\/marketing.stratoflights.com\/de\/wp-json\/wp\/v2\/types\/page"}],"author":[{"embeddable":true,"href":"https:\/\/marketing.stratoflights.com\/de\/wp-json\/wp\/v2\/users\/1"}],"replies":[{"embeddable":true,"href":"https:\/\/marketing.stratoflights.com\/de\/wp-json\/wp\/v2\/comments?post=574"}],"version-history":[{"count":1,"href":"https:\/\/marketing.stratoflights.com\/de\/wp-json\/wp\/v2\/pages\/574\/revisions"}],"predecessor-version":[{"id":575,"href":"https:\/\/marketing.stratoflights.com\/de\/wp-json\/wp\/v2\/pages\/574\/revisions\/575"}],"wp:attachment":[{"href":"https:\/\/marketing.stratoflights.com\/de\/wp-json\/wp\/v2\/media?parent=574"}],"curies":[{"name":"wp","href":"https:\/\/api.w.org\/{rel}","templated":true}]}}