{"id":199,"date":"2021-10-08T15:02:57","date_gmt":"2021-10-08T13:02:57","guid":{"rendered":"https:\/\/marketing.stratoflights.com\/?page_id=199"},"modified":"2021-10-08T15:02:57","modified_gmt":"2021-10-08T13:02:57","slug":"informations-juridiques","status":"publish","type":"page","link":"https:\/\/marketing.stratoflights.com\/fr\/informations-juridiques\/","title":{"rendered":"Informations juridiques"},"content":{"rendered":"<p>Indicateur l\u00e9gal d&rsquo;\u00e9diteur:<\/p>\n<p><strong>Stratoflights GmbH &#038; Co. KG<\/strong><br \/>\nSaulsiek, 17<br \/>\n32825 Blomberg<br \/>\nAllemagne<br \/>\nT\u00e9l\u00e9phone: +49(0)\u202d1717542510\u202c<br \/>\nE-Mail: info@stratoflights.com<\/p>\n<p>N\u00b0 d&rsquo;identification TVA: DE293873380<br \/>\nInscrit au le registre de commerce du tribunal de commerce Lemgo<br \/>\nN\u00b0 du registre du commerce HRA 6079<\/p>\n<p><strong>repr\u00e9sent\u00e9 par l&rsquo;actionnaire personnel responsable<\/strong><br \/>\nStratoflights Gesch\u00e4ftsf\u00fchrungs GmbH<br \/>\nsont repr\u00e9sent\u00e9s par le directeur Marcel Dierig, Tobias Lohf , Marvin Rissiek<br \/>\nSaulsiek 17, 32825 Blomberg, Deutschland<br \/>\nInscrit au le registre de commerce du tribunal de commerce Lemgo<br \/>\nn\u00b0 de registre du commerce HRB 10188<\/p>\n<p><strong>Mode alternatif de r\u00e8glement des conflits:<\/strong><br \/>\nLa Commission europ\u00e9enne fournit une plateforme pour la r\u00e9solution extrajudiciaire des litiges qui est accessible sur le site <a href=\"https:\/\/ec.europa.eu\/odr\" target=_blank\">https:\/\/ec.europa.eu\/odr<\/a> (<a href=\"https:\/\/ec.europa.eu\/consumers\/odr\" target=_blank\">https:\/\/ec.europa.eu\/consumers\/odr<\/a>).<\/p>\n","protected":false},"excerpt":{"rendered":"<p>Indicateur l\u00e9gal d&rsquo;\u00e9diteur: Stratoflights GmbH &#038; Co. KG Saulsiek, 17 32825 Blomberg Allemagne T\u00e9l\u00e9phone: +49(0)\u202d1717542510\u202c E-Mail: info@stratoflights.com N\u00b0 d&rsquo;identification TVA: DE293873380 Inscrit au le registre de commerce du tribunal de commerce Lemgo N\u00b0 du registre du commerce HRA 6079 repr\u00e9sent\u00e9 par l&rsquo;actionnaire personnel responsable Stratoflights Gesch\u00e4ftsf\u00fchrungs GmbH sont repr\u00e9sent\u00e9s par le directeur Marcel Dierig, Tobias &hellip; <a href=\"https:\/\/marketing.stratoflights.com\/fr\/informations-juridiques\/\" class=\"more-link\">Continue reading <span class=\"screen-reader-text\">Informations juridiques<\/span><\/a><\/p>\n","protected":false},"author":1,"featured_media":0,"parent":0,"menu_order":0,"comment_status":"closed","ping_status":"closed","template":"","meta":{"footnotes":""},"class_list":["post-199","page","type-page","status-publish","hentry"],"yoast_head":"<!-- This site is optimized with the Yoast SEO plugin v27.4 - https:\/\/yoast.com\/product\/yoast-seo-wordpress\/ -->\n<title>Informations juridiques - Stratoflights<\/title>\n<meta name=\"robots\" content=\"index, follow, max-snippet:-1, max-image-preview:large, max-video-preview:-1\" \/>\n<link rel=\"canonical\" href=\"https:\/\/marketing.stratoflights.com\/fr\/informations-juridiques\/\" \/>\n<meta property=\"og:locale\" content=\"fr_FR\" \/>\n<meta property=\"og:type\" content=\"article\" \/>\n<meta property=\"og:title\" content=\"Informations juridiques - Stratoflights\" \/>\n<meta property=\"og:description\" content=\"Indicateur l\u00e9gal d&rsquo;\u00e9diteur: Stratoflights GmbH &#038; Co. KG Saulsiek, 17 32825 Blomberg Allemagne T\u00e9l\u00e9phone: +49(0)\u202d1717542510\u202c E-Mail: info@stratoflights.com N\u00b0 d&rsquo;identification TVA: DE293873380 Inscrit au le registre de commerce du tribunal de commerce Lemgo N\u00b0 du registre du commerce HRA 6079 repr\u00e9sent\u00e9 par l&rsquo;actionnaire personnel responsable Stratoflights Gesch\u00e4ftsf\u00fchrungs GmbH sont repr\u00e9sent\u00e9s par le directeur Marcel Dierig, Tobias &hellip; Continue reading Informations juridiques\" \/>\n<meta property=\"og:url\" content=\"https:\/\/marketing.stratoflights.com\/fr\/informations-juridiques\/\" \/>\n<meta property=\"og:site_name\" content=\"Stratoflights\" \/>\n<meta name=\"twitter:card\" content=\"summary_large_image\" \/>\n<meta name=\"twitter:label1\" content=\"Dur\u00e9e de lecture estim\u00e9e\" \/>\n\t<meta name=\"twitter:data1\" content=\"1 minute\" \/>\n<script type=\"application\/ld+json\" class=\"yoast-schema-graph\">{\"@context\":\"https:\\\/\\\/schema.org\",\"@graph\":[{\"@type\":\"WebPage\",\"@id\":\"https:\\\/\\\/marketing.stratoflights.com\\\/fr\\\/informations-juridiques\\\/\",\"url\":\"https:\\\/\\\/marketing.stratoflights.com\\\/fr\\\/informations-juridiques\\\/\",\"name\":\"Informations juridiques - Stratoflights\",\"isPartOf\":{\"@id\":\"https:\\\/\\\/marketing.stratoflights.com\\\/fr\\\/#website\"},\"datePublished\":\"2021-10-08T13:02:57+00:00\",\"breadcrumb\":{\"@id\":\"https:\\\/\\\/marketing.stratoflights.com\\\/fr\\\/informations-juridiques\\\/#breadcrumb\"},\"inLanguage\":\"fr-FR\",\"potentialAction\":[{\"@type\":\"ReadAction\",\"target\":[\"https:\\\/\\\/marketing.stratoflights.com\\\/fr\\\/informations-juridiques\\\/\"]}]},{\"@type\":\"BreadcrumbList\",\"@id\":\"https:\\\/\\\/marketing.stratoflights.com\\\/fr\\\/informations-juridiques\\\/#breadcrumb\",\"itemListElement\":[{\"@type\":\"ListItem\",\"position\":1,\"name\":\"Startseite\",\"item\":\"https:\\\/\\\/marketing.stratoflights.com\\\/fr\\\/\"},{\"@type\":\"ListItem\",\"position\":2,\"name\":\"Informations juridiques\"}]},{\"@type\":\"WebSite\",\"@id\":\"https:\\\/\\\/marketing.stratoflights.com\\\/fr\\\/#website\",\"url\":\"https:\\\/\\\/marketing.stratoflights.com\\\/fr\\\/\",\"name\":\"Stratoflights\",\"description\":\"Eine weitere WordPress-Website\",\"potentialAction\":[{\"@type\":\"SearchAction\",\"target\":{\"@type\":\"EntryPoint\",\"urlTemplate\":\"https:\\\/\\\/marketing.stratoflights.com\\\/fr\\\/?s={search_term_string}\"},\"query-input\":{\"@type\":\"PropertyValueSpecification\",\"valueRequired\":true,\"valueName\":\"search_term_string\"}}],\"inLanguage\":\"fr-FR\"}]}<\/script>\n<!-- \/ Yoast SEO plugin. -->","yoast_head_json":{"title":"Informations juridiques - Stratoflights","robots":{"index":"index","follow":"follow","max-snippet":"max-snippet:-1","max-image-preview":"max-image-preview:large","max-video-preview":"max-video-preview:-1"},"canonical":"https:\/\/marketing.stratoflights.com\/fr\/informations-juridiques\/","og_locale":"fr_FR","og_type":"article","og_title":"Informations juridiques - Stratoflights","og_description":"Indicateur l\u00e9gal d&rsquo;\u00e9diteur: Stratoflights GmbH &#038; Co. KG Saulsiek, 17 32825 Blomberg Allemagne T\u00e9l\u00e9phone: +49(0)\u202d1717542510\u202c E-Mail: info@stratoflights.com N\u00b0 d&rsquo;identification TVA: DE293873380 Inscrit au le registre de commerce du tribunal de commerce Lemgo N\u00b0 du registre du commerce HRA 6079 repr\u00e9sent\u00e9 par l&rsquo;actionnaire personnel responsable Stratoflights Gesch\u00e4ftsf\u00fchrungs GmbH sont repr\u00e9sent\u00e9s par le directeur Marcel Dierig, Tobias &hellip; Continue reading Informations juridiques","og_url":"https:\/\/marketing.stratoflights.com\/fr\/informations-juridiques\/","og_site_name":"Stratoflights","twitter_card":"summary_large_image","twitter_misc":{"Dur\u00e9e de lecture estim\u00e9e":"1 minute"},"schema":{"@context":"https:\/\/schema.org","@graph":[{"@type":"WebPage","@id":"https:\/\/marketing.stratoflights.com\/fr\/informations-juridiques\/","url":"https:\/\/marketing.stratoflights.com\/fr\/informations-juridiques\/","name":"Informations juridiques - Stratoflights","isPartOf":{"@id":"https:\/\/marketing.stratoflights.com\/fr\/#website"},"datePublished":"2021-10-08T13:02:57+00:00","breadcrumb":{"@id":"https:\/\/marketing.stratoflights.com\/fr\/informations-juridiques\/#breadcrumb"},"inLanguage":"fr-FR","potentialAction":[{"@type":"ReadAction","target":["https:\/\/marketing.stratoflights.com\/fr\/informations-juridiques\/"]}]},{"@type":"BreadcrumbList","@id":"https:\/\/marketing.stratoflights.com\/fr\/informations-juridiques\/#breadcrumb","itemListElement":[{"@type":"ListItem","position":1,"name":"Startseite","item":"https:\/\/marketing.stratoflights.com\/fr\/"},{"@type":"ListItem","position":2,"name":"Informations juridiques"}]},{"@type":"WebSite","@id":"https:\/\/marketing.stratoflights.com\/fr\/#website","url":"https:\/\/marketing.stratoflights.com\/fr\/","name":"Stratoflights","description":"Eine weitere WordPress-Website","potentialAction":[{"@type":"SearchAction","target":{"@type":"EntryPoint","urlTemplate":"https:\/\/marketing.stratoflights.com\/fr\/?s={search_term_string}"},"query-input":{"@type":"PropertyValueSpecification","valueRequired":true,"valueName":"search_term_string"}}],"inLanguage":"fr-FR"}]}},"_links":{"self":[{"href":"https:\/\/marketing.stratoflights.com\/fr\/wp-json\/wp\/v2\/pages\/199","targetHints":{"allow":["GET"]}}],"collection":[{"href":"https:\/\/marketing.stratoflights.com\/fr\/wp-json\/wp\/v2\/pages"}],"about":[{"href":"https:\/\/marketing.stratoflights.com\/fr\/wp-json\/wp\/v2\/types\/page"}],"author":[{"embeddable":true,"href":"https:\/\/marketing.stratoflights.com\/fr\/wp-json\/wp\/v2\/users\/1"}],"replies":[{"embeddable":true,"href":"https:\/\/marketing.stratoflights.com\/fr\/wp-json\/wp\/v2\/comments?post=199"}],"version-history":[{"count":1,"href":"https:\/\/marketing.stratoflights.com\/fr\/wp-json\/wp\/v2\/pages\/199\/revisions"}],"predecessor-version":[{"id":200,"href":"https:\/\/marketing.stratoflights.com\/fr\/wp-json\/wp\/v2\/pages\/199\/revisions\/200"}],"wp:attachment":[{"href":"https:\/\/marketing.stratoflights.com\/fr\/wp-json\/wp\/v2\/media?parent=199"}],"curies":[{"name":"wp","href":"https:\/\/api.w.org\/{rel}","templated":true}]}}